{"id":29,"date":"2015-03-17T14:59:38","date_gmt":"2015-03-17T13:59:38","guid":{"rendered":"http:\/\/www.dasyogahaus.eu\/?page_id=29"},"modified":"2026-04-07T21:17:20","modified_gmt":"2026-04-07T19:17:20","slug":"stundenplan","status":"publish","type":"page","link":"https:\/\/www.dasyogahaus.eu\/?page_id=29","title":{"rendered":"Stundenplan"},"content":{"rendered":"\n<p><strong>Achtung: am Di 14. April, Mi 15. April und Do 16. April finden keine Yogakurse statt!<\/strong><\/p>\n\n\n\n<p><strong>Urlaub: 11. bis 15. Mai in diesem Zeitraum finden keine Yogakurse statt!<\/strong><\/p>\n\n\n\n<p><strong>Urlaub: 20. Juni bis 12. Juli in diesem Zeitraum finden keine Yogakurse statt!<\/strong><\/p>\n\n\n\n<p><\/p>\n\n\n\n<figure class=\"wp-block-gallery has-nested-images columns-default is-cropped wp-block-gallery-1 is-layout-flex wp-block-gallery-is-layout-flex\">\n<figure class=\"wp-block-image size-full\"><a href=\"https:\/\/www.dasyogahaus.eu\/wp-content\/uploads\/2026\/02\/Stundenplanaktuelljaenner2026.png\"><img loading=\"lazy\" decoding=\"async\" width=\"748\" height=\"586\" data-id=\"2810\" src=\"https:\/\/www.dasyogahaus.eu\/wp-content\/uploads\/2026\/02\/Stundenplanaktuelljaenner2026.png\" alt=\"\" class=\"wp-image-2810\" srcset=\"https:\/\/www.dasyogahaus.eu\/wp-content\/uploads\/2026\/02\/Stundenplanaktuelljaenner2026.png 748w, https:\/\/www.dasyogahaus.eu\/wp-content\/uploads\/2026\/02\/Stundenplanaktuelljaenner2026-300x235.png 300w, https:\/\/www.dasyogahaus.eu\/wp-content\/uploads\/2026\/02\/Stundenplanaktuelljaenner2026-600x470.png 600w\" sizes=\"auto, (max-width: 748px) 100vw, 748px\" \/><\/a><\/figure>\n<\/figure>\n\n\n<p style=\"text-align: left;\">\u00a0<\/p>\n<p><a href=\"http:\/\/www.dasyogahaus.eu\/wp-content\/uploads\/2026\/04\/Screenshot_20260407_211348_WhatsAppBusiness1.jpg\"><img loading=\"lazy\" decoding=\"async\" class=\"alignnone size-full wp-image-2870\" src=\"http:\/\/www.dasyogahaus.eu\/wp-content\/uploads\/2026\/04\/Screenshot_20260407_211348_WhatsAppBusiness1.jpg\" alt=\"\" width=\"1067\" height=\"1190\" srcset=\"https:\/\/www.dasyogahaus.eu\/wp-content\/uploads\/2026\/04\/Screenshot_20260407_211348_WhatsAppBusiness1.jpg 1067w, https:\/\/www.dasyogahaus.eu\/wp-content\/uploads\/2026\/04\/Screenshot_20260407_211348_WhatsAppBusiness1-269x300.jpg 269w, https:\/\/www.dasyogahaus.eu\/wp-content\/uploads\/2026\/04\/Screenshot_20260407_211348_WhatsAppBusiness1-918x1024.jpg 918w, https:\/\/www.dasyogahaus.eu\/wp-content\/uploads\/2026\/04\/Screenshot_20260407_211348_WhatsAppBusiness1-768x857.jpg 768w, https:\/\/www.dasyogahaus.eu\/wp-content\/uploads\/2026\/04\/Screenshot_20260407_211348_WhatsAppBusiness1-538x600.jpg 538w\" sizes=\"auto, (max-width: 1067px) 100vw, 1067px\" \/><\/a><\/p>\n<p><a href=\"http:\/\/www.dasyogahaus.eu\/wp-content\/uploads\/2026\/04\/Sommeryogakurse2026.png\"><img loading=\"lazy\" decoding=\"async\" class=\"alignnone size-full wp-image-2843\" src=\"http:\/\/www.dasyogahaus.eu\/wp-content\/uploads\/2026\/04\/Sommeryogakurse2026.png\" alt=\"\" width=\"650\" height=\"580\" srcset=\"https:\/\/www.dasyogahaus.eu\/wp-content\/uploads\/2026\/04\/Sommeryogakurse2026.png 650w, https:\/\/www.dasyogahaus.eu\/wp-content\/uploads\/2026\/04\/Sommeryogakurse2026-300x268.png 300w, https:\/\/www.dasyogahaus.eu\/wp-content\/uploads\/2026\/04\/Sommeryogakurse2026-600x535.png 600w\" sizes=\"auto, (max-width: 650px) 100vw, 650px\" \/><\/a><\/p>\n<p style=\"text-align: left;\"><strong>Details<\/strong><strong style=\"font-size: revert; color: initial;\"> zu den Einheiten unter Kurse.<\/strong><\/p>\n<p><strong>Preise siehe Kurse.<\/strong><\/p>\n<p>bzw.:<\/p>\n<ul>\n<li>Schnupperstunde einmalig 18 \u20ac (ausgenommen Acroyoga)<\/li>\n<li>Drop in mit Voranmeldung falls Platz 29 \u20ac (ausgenommen Acroyoga)<\/li>\n<li>Privatstunde 105 \u20ac (90 Minuten), geteilt: 2 Personen 135 \u20ac, 3 Personen 177 \u20ac (zuz\u00fcglich Wegzeit au\u00dferhalb von Gro\u00dfru\u00dfbach)<\/li>\n<li>Office Yoga: Gerne halte ich auch Kurse und\u00a0 Vortr\u00e4ge in Ihrer Firma. Preis auf Anfrage.<\/li>\n<\/ul>\n<p><strong style=\"font-size: revert; color: initial;\">AGB\u00b4s:<\/strong><!-- \/wp:post-content --><!-- wp:paragraph --><\/p>\n<p>Anmeldungen und Bezahlung bis 2 Wochen vor Kursbeginn. Bei Anmeldung bitte Bekanntgabe ob Zoom oder Pr\u00e4senz Unterricht. Bzw. sp\u00e4testens am Vorabend bis 18 Uhr des jeweiligen Kurses. Auf Anfrage kann die Onlineeinheit aufgezeichnet werden, 24 h zum Nachmachen. Vers\u00e4umte Kurseinheiten k\u00f6nnen in jedem anderen Kurs (unter Voranmeldung, falls Platz vorhanden), w\u00e4hrend des Kurszeitraums nachgeholt werden. Ausgenommen davon Acroyoga. Yoga before Office: bei Nutzung einer anderen Einheit ist ein Aufpreis von 5 \u20ac zu entrichten. Falls ein Kurs nicht zustande kommt, wird der Kursbeitrag refundiert. Kurse sind nicht \u00fcbertragbar auf andere Personen.\u00a0 Im Falle eines Lockdowns werden alle Einheiten Online weitergef\u00fchrt, und sind so zu verbrauchen. Storno: bis 1 Woche vor Kursbeginn werden 100 % erstattet, danach ist leider keine R\u00fcckerstattung mehr m\u00f6glich.<\/p>\n<p>*Erm\u00e4\u00dfigungen gelten f\u00fcr: Sch\u00fcler*innen, Student*innen, Arbeitslose, Alleinerzieher*innen<\/p>\n<p>Martina Marcik, Waldweg 3, 2114 Gro\u00dfru\u00dfbach IBAN: AT503243800002400653<\/p>\n<p style=\"text-align: center;\">Das Yogahaus<br \/>Martina Marcik \u2022 2114 Gro\u00dfru\u00dfbach, Waldweg 3 \u2022 Tel.: 0676 \/ 70 39 331 \u2022 E-Mail:\u00a0 <a href=\"mailto:info@dasyogahaus.eu\">info@dasyogahaus.eu<\/a><\/p>\n<p><!-- wp:paragraph --><\/p>\n<p><!-- \/wp:paragraph --><\/p>","protected":false},"excerpt":{"rendered":"<p>Achtung: am Di 14. April, Mi 15. April und Do 16. April finden keine Yogakurse statt! Urlaub: 11. bis 15. Mai in diesem Zeitraum finden keine Yogakurse statt! Urlaub: 20. Juni bis 12. Juli in diesem Zeitraum finden keine Yogakurse statt! \u00a0 Details zu den Einheiten unter Kurse. Preise siehe Kurse. bzw.: Schnupperstunde einmalig 18 <a class=\"more-link\" href=\"https:\/\/www.dasyogahaus.eu\/?page_id=29\">Weiterlesen <i class=\"fa fa-chevron-right\"><\/i><\/a><\/p>\n","protected":false},"author":1,"featured_media":0,"parent":0,"menu_order":0,"comment_status":"closed","ping_status":"closed","template":"page-fullwidth.php","meta":{"two_page_speed":[],"footnotes":""},"class_list":["post-29","page","type-page","status-publish","hentry"],"_links":{"self":[{"href":"https:\/\/www.dasyogahaus.eu\/index.php?rest_route=\/wp\/v2\/pages\/29","targetHints":{"allow":["GET"]}}],"collection":[{"href":"https:\/\/www.dasyogahaus.eu\/index.php?rest_route=\/wp\/v2\/pages"}],"about":[{"href":"https:\/\/www.dasyogahaus.eu\/index.php?rest_route=\/wp\/v2\/types\/page"}],"author":[{"embeddable":true,"href":"https:\/\/www.dasyogahaus.eu\/index.php?rest_route=\/wp\/v2\/users\/1"}],"replies":[{"embeddable":true,"href":"https:\/\/www.dasyogahaus.eu\/index.php?rest_route=%2Fwp%2Fv2%2Fcomments&post=29"}],"version-history":[{"count":560,"href":"https:\/\/www.dasyogahaus.eu\/index.php?rest_route=\/wp\/v2\/pages\/29\/revisions"}],"predecessor-version":[{"id":2872,"href":"https:\/\/www.dasyogahaus.eu\/index.php?rest_route=\/wp\/v2\/pages\/29\/revisions\/2872"}],"wp:attachment":[{"href":"https:\/\/www.dasyogahaus.eu\/index.php?rest_route=%2Fwp%2Fv2%2Fmedia&parent=29"}],"curies":[{"name":"wp","href":"https:\/\/api.w.org\/{rel}","templated":true}]}}