{"id":1729,"date":"2022-08-26T12:22:19","date_gmt":"2022-08-26T10:22:19","guid":{"rendered":"http:\/\/www.dasyogahaus.eu\/?page_id=1729"},"modified":"2023-01-14T18:40:08","modified_gmt":"2023-01-14T17:40:08","slug":"dasyogahaus-mieten","status":"publish","type":"page","link":"https:\/\/www.dasyogahaus.eu\/?page_id=1729","title":{"rendered":"dasyogahaus mieten"},"content":{"rendered":"\n<p>Gerne kannst Du die R\u00e4umlichkeiten in Gro\u00dfru\u00dfbach mieten. <\/p>\n\n\n\n<p>50 m2 Yogaraum, Parkettboden Eiche ge\u00f6lt, beheizt mit Schwedenofen, Garderobe, Dusche, 2 WC\u00b4s, und K\u00fcche vorhanden. <\/p>\n\n\n\n<p>Ein paar Yogamatten zum Ausleihen sind vorhanden. Bl\u00f6cke, Gurte usw. sind dabei. Der Raum eignet sich hervorragend f\u00fcr Bewegungseinheiten. Ein H\u00e4ngespot f\u00fcr Aerial Yoga, oder Ringe ist auch montiert. Die ruhige Waldrandlage ist ideal. <\/p>\n\n\n\n<p>zu den Kosten:<\/p>\n\n\n\n<p>1,5 h  f\u00fcr 30 \u20ac<\/p>\n\n\n\n<p>Tagespauschale 8 bis 21 Uhr 200 \u20ac<\/p>\n\n\n\n<p>Wochenendpauschale Samstag plus Sonntag 330 \u20ac<\/p>\n\n\n\n<p>Genauere Details und Terminanfragen: info@dasyogahaus.eu  0676 70 39 331<\/p>\n\n\n\n<p>Video durch die R\u00e4umlichkeiten: <\/p>\n\n\n\n<figure class=\"wp-block-embed is-type-video is-provider-youtube wp-block-embed-youtube wp-embed-aspect-16-9 wp-has-aspect-ratio\"><div class=\"wp-block-embed__wrapper\">\n<iframe loading=\"lazy\" title=\"26. August 2022\" width=\"730\" height=\"411\" src=\"https:\/\/www.youtube.com\/embed\/_OgrP7C4-X4?feature=oembed\" frameborder=\"0\" allow=\"accelerometer; autoplay; clipboard-write; encrypted-media; gyroscope; picture-in-picture; web-share\" allowfullscreen><\/iframe>\n<\/div><\/figure>\n\n\n\n<div class=\"wp-block-group\"><div class=\"wp-block-group__inner-container is-layout-flow wp-block-group-is-layout-flow\">\n<figure class=\"wp-block-image size-large\"><a href=\"http:\/\/www.dasyogahaus.eu\/wp-content\/uploads\/2022\/08\/20220822_132423-scaled.jpg\"><img loading=\"lazy\" decoding=\"async\" width=\"1024\" height=\"768\" src=\"http:\/\/www.dasyogahaus.eu\/wp-content\/uploads\/2022\/08\/20220822_132423-1024x768.jpg\" alt=\"\" class=\"wp-image-1754\" srcset=\"https:\/\/www.dasyogahaus.eu\/wp-content\/uploads\/2022\/08\/20220822_132423-1024x768.jpg 1024w, https:\/\/www.dasyogahaus.eu\/wp-content\/uploads\/2022\/08\/20220822_132423-300x225.jpg 300w, https:\/\/www.dasyogahaus.eu\/wp-content\/uploads\/2022\/08\/20220822_132423-768x576.jpg 768w, https:\/\/www.dasyogahaus.eu\/wp-content\/uploads\/2022\/08\/20220822_132423-1536x1152.jpg 1536w, https:\/\/www.dasyogahaus.eu\/wp-content\/uploads\/2022\/08\/20220822_132423-2048x1536.jpg 2048w\" sizes=\"auto, (max-width: 1024px) 100vw, 1024px\" \/><\/a><\/figure>\n<\/div><\/div>\n\n\n\n<figure class=\"wp-block-image size-large\"><a href=\"http:\/\/www.dasyogahaus.eu\/wp-content\/uploads\/2022\/08\/20220822_132459-scaled.jpg\"><img loading=\"lazy\" decoding=\"async\" width=\"1024\" height=\"768\" src=\"http:\/\/www.dasyogahaus.eu\/wp-content\/uploads\/2022\/08\/20220822_132459-1024x768.jpg\" alt=\"\" class=\"wp-image-1751\" srcset=\"https:\/\/www.dasyogahaus.eu\/wp-content\/uploads\/2022\/08\/20220822_132459-1024x768.jpg 1024w, https:\/\/www.dasyogahaus.eu\/wp-content\/uploads\/2022\/08\/20220822_132459-300x225.jpg 300w, https:\/\/www.dasyogahaus.eu\/wp-content\/uploads\/2022\/08\/20220822_132459-768x576.jpg 768w, https:\/\/www.dasyogahaus.eu\/wp-content\/uploads\/2022\/08\/20220822_132459-1536x1152.jpg 1536w, https:\/\/www.dasyogahaus.eu\/wp-content\/uploads\/2022\/08\/20220822_132459-2048x1536.jpg 2048w\" sizes=\"auto, (max-width: 1024px) 100vw, 1024px\" \/><\/a><\/figure>\n\n\n\n<figure class=\"wp-block-image size-large\"><a href=\"http:\/\/www.dasyogahaus.eu\/wp-content\/uploads\/2022\/08\/20220822_132440-scaled.jpg\"><img loading=\"lazy\" decoding=\"async\" width=\"1024\" height=\"768\" src=\"http:\/\/www.dasyogahaus.eu\/wp-content\/uploads\/2022\/08\/20220822_132440-1024x768.jpg\" alt=\"\" class=\"wp-image-1753\" srcset=\"https:\/\/www.dasyogahaus.eu\/wp-content\/uploads\/2022\/08\/20220822_132440-1024x768.jpg 1024w, https:\/\/www.dasyogahaus.eu\/wp-content\/uploads\/2022\/08\/20220822_132440-300x225.jpg 300w, https:\/\/www.dasyogahaus.eu\/wp-content\/uploads\/2022\/08\/20220822_132440-768x576.jpg 768w, https:\/\/www.dasyogahaus.eu\/wp-content\/uploads\/2022\/08\/20220822_132440-1536x1152.jpg 1536w, https:\/\/www.dasyogahaus.eu\/wp-content\/uploads\/2022\/08\/20220822_132440-2048x1536.jpg 2048w\" sizes=\"auto, (max-width: 1024px) 100vw, 1024px\" \/><\/a><\/figure>\n\n\n\n<figure class=\"wp-block-image size-large\"><a href=\"http:\/\/www.dasyogahaus.eu\/wp-content\/uploads\/2022\/08\/20220822_132449-scaled.jpg\"><img loading=\"lazy\" decoding=\"async\" width=\"1024\" height=\"768\" src=\"http:\/\/www.dasyogahaus.eu\/wp-content\/uploads\/2022\/08\/20220822_132449-1024x768.jpg\" alt=\"\" class=\"wp-image-1752\" srcset=\"https:\/\/www.dasyogahaus.eu\/wp-content\/uploads\/2022\/08\/20220822_132449-1024x768.jpg 1024w, https:\/\/www.dasyogahaus.eu\/wp-content\/uploads\/2022\/08\/20220822_132449-300x225.jpg 300w, https:\/\/www.dasyogahaus.eu\/wp-content\/uploads\/2022\/08\/20220822_132449-768x576.jpg 768w, https:\/\/www.dasyogahaus.eu\/wp-content\/uploads\/2022\/08\/20220822_132449-1536x1152.jpg 1536w, https:\/\/www.dasyogahaus.eu\/wp-content\/uploads\/2022\/08\/20220822_132449-2048x1536.jpg 2048w\" sizes=\"auto, (max-width: 1024px) 100vw, 1024px\" \/><\/a><\/figure>\n\n\n\n<figure class=\"wp-block-image size-large\"><a href=\"http:\/\/www.dasyogahaus.eu\/wp-content\/uploads\/2022\/08\/20220822_132621-scaled.jpg\"><img loading=\"lazy\" decoding=\"async\" width=\"1024\" height=\"768\" src=\"http:\/\/www.dasyogahaus.eu\/wp-content\/uploads\/2022\/08\/20220822_132621-1024x768.jpg\" alt=\"\" class=\"wp-image-1748\" srcset=\"https:\/\/www.dasyogahaus.eu\/wp-content\/uploads\/2022\/08\/20220822_132621-1024x768.jpg 1024w, https:\/\/www.dasyogahaus.eu\/wp-content\/uploads\/2022\/08\/20220822_132621-300x225.jpg 300w, https:\/\/www.dasyogahaus.eu\/wp-content\/uploads\/2022\/08\/20220822_132621-768x576.jpg 768w, https:\/\/www.dasyogahaus.eu\/wp-content\/uploads\/2022\/08\/20220822_132621-1536x1152.jpg 1536w, https:\/\/www.dasyogahaus.eu\/wp-content\/uploads\/2022\/08\/20220822_132621-2048x1536.jpg 2048w\" sizes=\"auto, (max-width: 1024px) 100vw, 1024px\" \/><\/a><\/figure>\n\n\n\n\n\n<figure class=\"wp-block-image size-large\"><a href=\"http:\/\/www.dasyogahaus.eu\/wp-content\/uploads\/2022\/08\/20220822_132633-scaled.jpg\"><img loading=\"lazy\" decoding=\"async\" width=\"768\" height=\"1024\" src=\"http:\/\/www.dasyogahaus.eu\/wp-content\/uploads\/2022\/08\/20220822_132633-768x1024.jpg\" alt=\"\" class=\"wp-image-1747\" srcset=\"https:\/\/www.dasyogahaus.eu\/wp-content\/uploads\/2022\/08\/20220822_132633-768x1024.jpg 768w, https:\/\/www.dasyogahaus.eu\/wp-content\/uploads\/2022\/08\/20220822_132633-225x300.jpg 225w, https:\/\/www.dasyogahaus.eu\/wp-content\/uploads\/2022\/08\/20220822_132633-1152x1536.jpg 1152w, https:\/\/www.dasyogahaus.eu\/wp-content\/uploads\/2022\/08\/20220822_132633-1536x2048.jpg 1536w, https:\/\/www.dasyogahaus.eu\/wp-content\/uploads\/2022\/08\/20220822_132633-scaled.jpg 1920w\" sizes=\"auto, (max-width: 768px) 100vw, 768px\" \/><\/a><\/figure>\n\n\n\n<figure class=\"wp-block-image size-large\"><a href=\"http:\/\/www.dasyogahaus.eu\/wp-content\/uploads\/2022\/08\/20220822_132702-scaled.jpg\"><img loading=\"lazy\" decoding=\"async\" width=\"768\" height=\"1024\" src=\"http:\/\/www.dasyogahaus.eu\/wp-content\/uploads\/2022\/08\/20220822_132702-768x1024.jpg\" alt=\"\" class=\"wp-image-1746\" srcset=\"https:\/\/www.dasyogahaus.eu\/wp-content\/uploads\/2022\/08\/20220822_132702-768x1024.jpg 768w, https:\/\/www.dasyogahaus.eu\/wp-content\/uploads\/2022\/08\/20220822_132702-225x300.jpg 225w, https:\/\/www.dasyogahaus.eu\/wp-content\/uploads\/2022\/08\/20220822_132702-1152x1536.jpg 1152w, https:\/\/www.dasyogahaus.eu\/wp-content\/uploads\/2022\/08\/20220822_132702-1536x2048.jpg 1536w, https:\/\/www.dasyogahaus.eu\/wp-content\/uploads\/2022\/08\/20220822_132702-scaled.jpg 1920w\" sizes=\"auto, (max-width: 768px) 100vw, 768px\" \/><\/a><\/figure>\n\n\n\n<figure class=\"wp-block-image size-large\"><a href=\"http:\/\/www.dasyogahaus.eu\/wp-content\/uploads\/2022\/08\/20220822_133053-scaled.jpg\"><img loading=\"lazy\" decoding=\"async\" width=\"768\" height=\"1024\" src=\"http:\/\/www.dasyogahaus.eu\/wp-content\/uploads\/2022\/08\/20220822_133053-768x1024.jpg\" alt=\"\" class=\"wp-image-1744\" srcset=\"https:\/\/www.dasyogahaus.eu\/wp-content\/uploads\/2022\/08\/20220822_133053-768x1024.jpg 768w, https:\/\/www.dasyogahaus.eu\/wp-content\/uploads\/2022\/08\/20220822_133053-225x300.jpg 225w, https:\/\/www.dasyogahaus.eu\/wp-content\/uploads\/2022\/08\/20220822_133053-1152x1536.jpg 1152w, https:\/\/www.dasyogahaus.eu\/wp-content\/uploads\/2022\/08\/20220822_133053-1536x2048.jpg 1536w, https:\/\/www.dasyogahaus.eu\/wp-content\/uploads\/2022\/08\/20220822_133053-scaled.jpg 1920w\" sizes=\"auto, (max-width: 768px) 100vw, 768px\" \/><\/a><\/figure>\n\n\n\n<figure class=\"wp-block-image size-large\"><a href=\"http:\/\/www.dasyogahaus.eu\/wp-content\/uploads\/2022\/08\/20220822_133131-scaled.jpg\"><img loading=\"lazy\" decoding=\"async\" width=\"768\" height=\"1024\" src=\"http:\/\/www.dasyogahaus.eu\/wp-content\/uploads\/2022\/08\/20220822_133131-768x1024.jpg\" alt=\"\" class=\"wp-image-1742\" srcset=\"https:\/\/www.dasyogahaus.eu\/wp-content\/uploads\/2022\/08\/20220822_133131-768x1024.jpg 768w, https:\/\/www.dasyogahaus.eu\/wp-content\/uploads\/2022\/08\/20220822_133131-225x300.jpg 225w, https:\/\/www.dasyogahaus.eu\/wp-content\/uploads\/2022\/08\/20220822_133131-1152x1536.jpg 1152w, https:\/\/www.dasyogahaus.eu\/wp-content\/uploads\/2022\/08\/20220822_133131-1536x2048.jpg 1536w, https:\/\/www.dasyogahaus.eu\/wp-content\/uploads\/2022\/08\/20220822_133131-scaled.jpg 1920w\" sizes=\"auto, (max-width: 768px) 100vw, 768px\" \/><\/a><\/figure>\n\n\n\n<figure class=\"wp-block-image size-large\"><a href=\"http:\/\/www.dasyogahaus.eu\/wp-content\/uploads\/2022\/08\/20220822_133200-scaled.jpg\"><img loading=\"lazy\" decoding=\"async\" width=\"768\" height=\"1024\" src=\"http:\/\/www.dasyogahaus.eu\/wp-content\/uploads\/2022\/08\/20220822_133200-768x1024.jpg\" alt=\"\" class=\"wp-image-1740\" srcset=\"https:\/\/www.dasyogahaus.eu\/wp-content\/uploads\/2022\/08\/20220822_133200-768x1024.jpg 768w, https:\/\/www.dasyogahaus.eu\/wp-content\/uploads\/2022\/08\/20220822_133200-225x300.jpg 225w, https:\/\/www.dasyogahaus.eu\/wp-content\/uploads\/2022\/08\/20220822_133200-1152x1536.jpg 1152w, https:\/\/www.dasyogahaus.eu\/wp-content\/uploads\/2022\/08\/20220822_133200-1536x2048.jpg 1536w, https:\/\/www.dasyogahaus.eu\/wp-content\/uploads\/2022\/08\/20220822_133200-scaled.jpg 1920w\" sizes=\"auto, (max-width: 768px) 100vw, 768px\" \/><\/a><\/figure>\n","protected":false},"excerpt":{"rendered":"<p>Gerne kannst Du die R\u00e4umlichkeiten in Gro\u00dfru\u00dfbach mieten. 50 m2 Yogaraum, Parkettboden Eiche ge\u00f6lt, beheizt mit Schwedenofen, Garderobe, Dusche, 2 WC\u00b4s, und K\u00fcche vorhanden. Ein paar Yogamatten zum Ausleihen sind vorhanden. Bl\u00f6cke, Gurte usw. sind dabei. Der Raum eignet sich hervorragend f\u00fcr Bewegungseinheiten. Ein H\u00e4ngespot f\u00fcr Aerial Yoga, oder Ringe ist auch montiert. Die ruhige <a class=\"more-link\" href=\"https:\/\/www.dasyogahaus.eu\/?page_id=1729\">Weiterlesen <i class=\"fa fa-chevron-right\"><\/i><\/a><\/p>\n","protected":false},"author":2,"featured_media":0,"parent":0,"menu_order":0,"comment_status":"closed","ping_status":"closed","template":"","meta":{"two_page_speed":[],"footnotes":""},"class_list":["post-1729","page","type-page","status-publish","hentry"],"_links":{"self":[{"href":"https:\/\/www.dasyogahaus.eu\/index.php?rest_route=\/wp\/v2\/pages\/1729","targetHints":{"allow":["GET"]}}],"collection":[{"href":"https:\/\/www.dasyogahaus.eu\/index.php?rest_route=\/wp\/v2\/pages"}],"about":[{"href":"https:\/\/www.dasyogahaus.eu\/index.php?rest_route=\/wp\/v2\/types\/page"}],"author":[{"embeddable":true,"href":"https:\/\/www.dasyogahaus.eu\/index.php?rest_route=\/wp\/v2\/users\/2"}],"replies":[{"embeddable":true,"href":"https:\/\/www.dasyogahaus.eu\/index.php?rest_route=%2Fwp%2Fv2%2Fcomments&post=1729"}],"version-history":[{"count":7,"href":"https:\/\/www.dasyogahaus.eu\/index.php?rest_route=\/wp\/v2\/pages\/1729\/revisions"}],"predecessor-version":[{"id":1939,"href":"https:\/\/www.dasyogahaus.eu\/index.php?rest_route=\/wp\/v2\/pages\/1729\/revisions\/1939"}],"wp:attachment":[{"href":"https:\/\/www.dasyogahaus.eu\/index.php?rest_route=%2Fwp%2Fv2%2Fmedia&parent=1729"}],"curies":[{"name":"wp","href":"https:\/\/api.w.org\/{rel}","templated":true}]}}