{"id":1669,"date":"2022-08-09T16:42:27","date_gmt":"2022-08-09T14:42:27","guid":{"rendered":"http:\/\/www.dasyogahaus.eu\/?page_id=1669"},"modified":"2022-10-21T17:51:23","modified_gmt":"2022-10-21T15:51:23","slug":"business-yoga","status":"publish","type":"page","link":"https:\/\/www.dasyogahaus.eu\/?page_id=1669","title":{"rendered":"Business\u00a0Yoga"},"content":{"rendered":"\n<p><strong>Business&nbsp;Yoga:<\/strong> Du m\u00f6chtest Deinen Mitarbeitern etwas Gutes Tun? Sie sollen sich bei Dir im Betrieb noch wohler f\u00fchlen? Du freust Dich \u00fcber gesunde zufriedene Angestellte? Dann buche mich! Ich halte sehr gerne auch Kurse und&nbsp; Vortr\u00e4ge in Deiner Firma. Mit einem individuellen Programm, auf Deinen Betrieb abgestimmt, werden durch Yoga R\u00fccken und Nackenbeschwerden gelindert, Deine Mitarbeiter f\u00fchlen sich zufriedener, und das Betriebsklima wird noch besser! Gerne lasse ich Dir mein Angebot zukommen.<\/p>\n\n\n\n<p> info@dasyogahaus.eu oder 0676 70 39 331<\/p>\n","protected":false},"excerpt":{"rendered":"<p>Business&nbsp;Yoga: Du m\u00f6chtest Deinen Mitarbeitern etwas Gutes Tun? Sie sollen sich bei Dir im Betrieb noch wohler f\u00fchlen? Du freust Dich \u00fcber gesunde zufriedene Angestellte? Dann buche mich! Ich halte sehr gerne auch Kurse und&nbsp; Vortr\u00e4ge in Deiner Firma. Mit einem individuellen Programm, auf Deinen Betrieb abgestimmt, werden durch Yoga R\u00fccken und Nackenbeschwerden gelindert, Deine <a class=\"more-link\" href=\"https:\/\/www.dasyogahaus.eu\/?page_id=1669\">Weiterlesen <i class=\"fa fa-chevron-right\"><\/i><\/a><\/p>\n","protected":false},"author":2,"featured_media":0,"parent":0,"menu_order":0,"comment_status":"closed","ping_status":"closed","template":"","meta":{"two_page_speed":[],"footnotes":""},"class_list":["post-1669","page","type-page","status-publish","hentry"],"_links":{"self":[{"href":"https:\/\/www.dasyogahaus.eu\/index.php?rest_route=\/wp\/v2\/pages\/1669","targetHints":{"allow":["GET"]}}],"collection":[{"href":"https:\/\/www.dasyogahaus.eu\/index.php?rest_route=\/wp\/v2\/pages"}],"about":[{"href":"https:\/\/www.dasyogahaus.eu\/index.php?rest_route=\/wp\/v2\/types\/page"}],"author":[{"embeddable":true,"href":"https:\/\/www.dasyogahaus.eu\/index.php?rest_route=\/wp\/v2\/users\/2"}],"replies":[{"embeddable":true,"href":"https:\/\/www.dasyogahaus.eu\/index.php?rest_route=%2Fwp%2Fv2%2Fcomments&post=1669"}],"version-history":[{"count":5,"href":"https:\/\/www.dasyogahaus.eu\/index.php?rest_route=\/wp\/v2\/pages\/1669\/revisions"}],"predecessor-version":[{"id":1788,"href":"https:\/\/www.dasyogahaus.eu\/index.php?rest_route=\/wp\/v2\/pages\/1669\/revisions\/1788"}],"wp:attachment":[{"href":"https:\/\/www.dasyogahaus.eu\/index.php?rest_route=%2Fwp%2Fv2%2Fmedia&parent=1669"}],"curies":[{"name":"wp","href":"https:\/\/api.w.org\/{rel}","templated":true}]}}