{"id":1652,"date":"2022-08-09T15:45:45","date_gmt":"2022-08-09T13:45:45","guid":{"rendered":"http:\/\/www.dasyogahaus.eu\/?page_id=1652"},"modified":"2023-08-02T13:11:34","modified_gmt":"2023-08-02T11:11:34","slug":"lunch-break-yoga","status":"publish","type":"page","link":"https:\/\/www.dasyogahaus.eu\/?page_id=1652","title":{"rendered":"Lunch break Yoga"},"content":{"rendered":"\n<p><strong>Lunch break Yoga: <\/strong><strong>Pr\u00e4senz und Online Gro\u00dfru\u00dfbach<\/strong><\/p>\n\n\n\n<p><strong>Dienstag 12 &#8211; 13 Uhr<\/strong><\/p>\n\n\n\n<p>Mit frischer Energie in den Nachmittag! In dieser Einheit strecken und dehnen wir uns mit verschiedensten \u00dcbungen durch die Mittagspause. Ein paar kr\u00e4ftigende \u00dcbungen l\u00f6sen Verspannungen im Nacken und unterem R\u00fccken! Ideal wenn man den ganzen Tag am Schreibtisch sitzt.<\/p>\n\n\n\n<p><strong>Kurs:<\/strong> 12. Sept. bis 24. Okt. <strong>120 \u20ac<\/strong> (7 Einheiten) *erm\u00e4\u00dfigt 110 \u20ac<\/p>\n\n\n\n<p><strong>Kurs:<\/strong> 31. Okt. bis 19. Dez. <strong>140 \u20ac<\/strong> (8 Einheiten)  *erm\u00e4\u00dfigt 130 \u20ac<\/p>\n\n\n\n<p>oder:<\/p>\n\n\n\n<p><strong>Kurs:<\/strong> 12. Sept. bis 19. Dez. <strong>240 \u20ac <\/strong>(15 Einheiten) *erm\u00e4\u00dfigt 220 \u20ac<\/p>\n\n\n\n<p><strong>Kombination:<\/strong> buche <strong>2 Kurse<\/strong> und erhalte <strong>20 \u20ac Rabatt.<\/strong><\/p>\n\n\n\n<p><strong>Semesterkarte<\/strong> bis Weihnachten <strong>500 \u20ac<\/strong> (alle Einheiten au\u00dfer Grundkurse und Acroyoga, egal wo, vom 11. 9. bis 21.12.) *erm\u00e4\u00dfigt 480 \u20ac<\/p>\n\n\n\n<p><strong>Schnuppereinheit:<\/strong> einmalig 15 \u20ac<\/p>\n\n\n\n<p><strong>Drop In: <\/strong>25 \u20ac alle Einheiten au\u00dfer Grundkurs (falls Platz vorhanden!)<\/p>\n\n\n\n<p class=\"has-text-align-center\"><\/p>\n\n\n\n<p class=\"has-text-align-center\"><strong>Anmeldung:<\/strong> info@dasyogahaus.eu<\/p>\n\n\n\n<p><strong>*Erm\u00e4\u00dfigungen <\/strong>gelten f\u00fcr: Sch\u00fcler*innen, Student*innen, Arbeitslose, Alleinerzieher*innen<\/p>\n\n\n\n<p><\/p>\n\n\n\n<p><strong>AGB\u00b4s:<\/strong><\/p>\n\n\n\n<p>Anmeldungen und Bezahlung bis 2 Wochen vor Kursbeginn. Bei Anmeldung bitte Bekanntgabe ob Zoom oder Pr\u00e4senz Unterricht. Bzw. sp\u00e4testens am Vorabend bis 18 Uhr des jeweiligen Kurses. Auf Anfrage kann die Onlineeinheit aufgezeichnet werden, 24 h zum Nachmachen. Vers\u00e4umte Kurseinheiten k\u00f6nnen in jedem anderen Kurs (unter Voranmeldung, falls Platz vorhanden), w\u00e4hrend des Kurszeitraums nachgeholt werden. Anmeldungen und Bezahlung bis 2 Wochen vor Kursbeginn. Bei Anmeldung bitte Bekanntgabe ob Zoom oder Pr\u00e4senz Unterricht. Bzw. sp\u00e4testens am Vorabend bis 18 Uhr des jeweiligen Kurses. Auf Anfrage kann die Onlineeinheit aufgezeichnet werden, 24 h zum Nachmachen. Vers\u00e4umte Kurseinheiten k\u00f6nnen in jedem anderen Kurs (unter Voranmeldung, falls Platz vorhanden), w\u00e4hrend des Kurszeitraums nachgeholt werden. Ausgenommen davon Acroyoga. Yoga before Office und Lunch break Yoga sind nur untereinander kombinierbar, bei Nutzung einer anderen Einheit ist ein Aufpreis von 5 \u20ac zu entrichten. Falls ein Kurs nicht zustande kommt, wird der Kursbeitrag refundiert. Kurse sind nicht \u00fcbertragbar auf andere Personen.\u00a0 Im Falle eines Lockdowns werden alle Einheiten Online weitergef\u00fchrt, und sind so zu verbrauchen.<\/p>\n","protected":false},"excerpt":{"rendered":"<p>Lunch break Yoga: Pr\u00e4senz und Online Gro\u00dfru\u00dfbach Dienstag 12 &#8211; 13 Uhr Mit frischer Energie in den Nachmittag! In dieser Einheit strecken und dehnen wir uns mit verschiedensten \u00dcbungen durch die Mittagspause. Ein paar kr\u00e4ftigende \u00dcbungen l\u00f6sen Verspannungen im Nacken und unterem R\u00fccken! Ideal wenn man den ganzen Tag am Schreibtisch sitzt. Kurs: 12. Sept. <a class=\"more-link\" href=\"https:\/\/www.dasyogahaus.eu\/?page_id=1652\">Weiterlesen <i class=\"fa fa-chevron-right\"><\/i><\/a><\/p>\n","protected":false},"author":2,"featured_media":0,"parent":0,"menu_order":0,"comment_status":"closed","ping_status":"closed","template":"page-fullwidth.php","meta":{"two_page_speed":[],"footnotes":""},"class_list":["post-1652","page","type-page","status-publish","hentry"],"_links":{"self":[{"href":"https:\/\/www.dasyogahaus.eu\/index.php?rest_route=\/wp\/v2\/pages\/1652","targetHints":{"allow":["GET"]}}],"collection":[{"href":"https:\/\/www.dasyogahaus.eu\/index.php?rest_route=\/wp\/v2\/pages"}],"about":[{"href":"https:\/\/www.dasyogahaus.eu\/index.php?rest_route=\/wp\/v2\/types\/page"}],"author":[{"embeddable":true,"href":"https:\/\/www.dasyogahaus.eu\/index.php?rest_route=\/wp\/v2\/users\/2"}],"replies":[{"embeddable":true,"href":"https:\/\/www.dasyogahaus.eu\/index.php?rest_route=%2Fwp%2Fv2%2Fcomments&post=1652"}],"version-history":[{"count":18,"href":"https:\/\/www.dasyogahaus.eu\/index.php?rest_route=\/wp\/v2\/pages\/1652\/revisions"}],"predecessor-version":[{"id":2089,"href":"https:\/\/www.dasyogahaus.eu\/index.php?rest_route=\/wp\/v2\/pages\/1652\/revisions\/2089"}],"wp:attachment":[{"href":"https:\/\/www.dasyogahaus.eu\/index.php?rest_route=%2Fwp%2Fv2%2Fmedia&parent=1652"}],"curies":[{"name":"wp","href":"https:\/\/api.w.org\/{rel}","templated":true}]}}