{"id":1648,"date":"2022-08-09T15:44:03","date_gmt":"2022-08-09T13:44:03","guid":{"rendered":"http:\/\/www.dasyogahaus.eu\/?page_id=1648"},"modified":"2026-04-02T12:02:28","modified_gmt":"2026-04-02T10:02:28","slug":"yoga-before-office","status":"publish","type":"page","link":"https:\/\/www.dasyogahaus.eu\/?page_id=1648","title":{"rendered":"Yoga before Office"},"content":{"rendered":"\n<p><strong>Yoga before Office: Pr\u00e4senz und Online<\/strong> <strong>Gro\u00dfru\u00dfbach<\/strong><\/p>\n\n\n\n<p><strong>Montag 6.30 &#8211; 7.30<\/strong><\/p>\n\n\n\n<p>Ein guter Start in die Woche! Dauer 1 h. In dieser Einheit beginnen wir mit einer kurzen Meditation, danach folgen ein paar Sonnengr\u00fc\u00dfe. Mit unterschiedlichen Steh und Sitzpositionen, strecken und dehnen wir unseren K\u00f6rper durch. Die Endentspannung bereitet uns auf einen ausgeglichenen Tag vor.<\/p>\n\n\n\n<p><strong>Kurse ab J\u00e4nner 2026: <\/strong><\/p>\n\n\n\n<p><strong>Kurs:<\/strong> 19. J\u00e4n. bis 2. M\u00e4rz <strong>140 \u20ac<\/strong> (7 Einheiten) *erm\u00e4\u00dfigt 130 \u20ac<\/p>\n\n\n\n<p><strong>Kurs:<\/strong> 9. M\u00e4rz bis 20. April <strong>120 \u20ac<\/strong> (6 Einheiten) *erm\u00e4\u00dfigt 110 \u20ac (6. 4. entf\u00e4llt)<\/p>\n\n\n\n<p><strong>Kurs:<\/strong> 27. April bis 15. Juni <strong>120 \u20ac<\/strong> (6 Einheiten) *erm\u00e4\u00dfigt 110 \u20ac (11. 5., 25. 5.,  entfallen)<\/p>\n\n\n\n<p><strong>Semesterkarte:<\/strong> Zeitraum 14. J\u00e4nner bis 19. Juni <strong>800 \u20ac<\/strong> *erm\u00e4\u00dfigt 740 \u20ac, g\u00fcltig f\u00fcr alle Kurse, egal wo, ausgenommen davon sind Grundkurse, Acroyoga und Workshops. (kursfreie Tage: 6. 4.,14. 4., 15. 4., 16. 4., 1. 5., 11. 5., 12. 5., 13. 5., 14. 5., 15. 5., 25. 5., 4. 6., 5. 6.)<\/p>\n\n\n\n<p>buche&nbsp;<strong>2 Kurse<\/strong>&nbsp;erhalte&nbsp;<strong>20 \u20ac Rabatt<\/strong>, buche&nbsp;<strong>3 Kurse<\/strong>&nbsp;erhalte&nbsp;<strong>30 \u20ac Rabatt<\/strong><\/p>\n\n\n\n<p><strong>Weihnachtsaktion:<\/strong> buche und bezahle einen Kurs bis 19. Dez. und erhalte zus\u00e4tzlich <strong>10 \u20ac Rabatt<\/strong> (einmalig anwendbar)<\/p>\n\n\n\n<p><strong>Schnuppereinheit:<\/strong>&nbsp;einmalig 18 \u20ac<\/p>\n\n\n\n<p><strong>Drop In:&nbsp;<\/strong>29 \u20ac alle Einheiten au\u00dfer Grundkurs und Acroyoga (falls Platz vorhanden!)<\/p>\n\n\n\n<p><strong>Anmeldung:<\/strong>&nbsp;info@dasyogahaus.eu<\/p>\n\n\n\n<p class=\"has-text-align-center\"><strong>Sommeryogakurs:<\/strong><\/p>\n\n\n\n<p><strong>Gro\u00dfru\u00dfbach: Montag 6.30 bis 7.30 Uhr<\/strong>:<\/p>\n\n\n\n<p><strong>Kurs:<\/strong> 13. Juli bis 31. August <strong>160 \u20ac  <\/strong>(8 Einheiten) *erm\u00e4\u00dfigt 110 \u20ac<\/p>\n\n\n\n<p>oder flexibel 6 Einheiten in 8 Wochen <strong>120 \u20ac<\/strong> *erm\u00e4\u00dfigt 134 \u20ac<\/p>\n\n\n\n<p>Sommerkurse <strong>Unlimited<\/strong> <strong>332 \u20ac<\/strong> *erm\u00e4\u00dfigt 322 \u20ac besuche jede Einheit egal wo, ausgenommen Workshops und Acroyoga.<\/p>\n\n\n\n<p>buche&nbsp;<strong>2 Kurse<\/strong>&nbsp;erhalte&nbsp;<strong>20 \u20ac Rabatt<\/strong>, buche&nbsp;<strong>3 Kurse<\/strong>&nbsp;erhalte&nbsp;<strong>30 \u20ac Rabatt<\/strong><\/p>\n\n\n\n<p><strong>Schnuppereinheit:<\/strong>&nbsp;einmalig 18 \u20ac<\/p>\n\n\n\n<p><strong>Drop In:&nbsp;<\/strong>29 \u20ac alle Einheiten au\u00dfer Grundkurs und Acroyoga (falls Platz vorhanden!)<\/p>\n\n\n\n<p><strong>Anmeldung und Bezahlung bis 2 Wochen vor Kursbeginn:<\/strong>&nbsp;info@dasyogahaus.eu<\/p>\n\n\n\n<p><strong>*Erm\u00e4\u00dfigungen&nbsp;<\/strong>gelten f\u00fcr: Sch\u00fcler*innen, Student*innen, Arbeitslose, Alleinerzieher*innen<\/p>\n\n\n\n<p><strong>AGB\u00b4s:<\/strong><\/p>\n\n\n\n<p>Anmeldungen und Bezahlung bis 2 Wochen vor Kursbeginn. Bei Anmeldung bitte Bekanntgabe ob Zoom oder Pr\u00e4senz Unterricht. Bzw. sp\u00e4testens am Vorabend bis 18 Uhr des jeweiligen Kurses. Auf Anfrage kann die Onlineeinheit aufgezeichnet werden, 24 h zum Nachmachen. Vers\u00e4umte Kurseinheiten k\u00f6nnen in jedem anderen Kurs (unter Voranmeldung, falls Platz vorhanden), w\u00e4hrend des Kurszeitraums nachgeholt werden. Ausgenommen davon Acroyoga. Yoga before Office: bei Nutzung einer anderen Einheit ist ein Aufpreis von 5 \u20ac zu entrichten. Falls ein Kurs nicht zustande kommt, wird der Kursbeitrag refundiert. Kurse sind nicht \u00fcbertragbar auf andere Personen.&nbsp; Im Falle eines Lockdowns werden alle Einheiten Online weitergef\u00fchrt, und sind so zu verbrauchen. Storno: bis 1 Woche vor Kursbeginn werden 100 % erstattet, danach ist leider keine R\u00fcckerstattung mehr m\u00f6glich.<\/p>\n\n\n\n<p><\/p>\n","protected":false},"excerpt":{"rendered":"<p>Yoga before Office: Pr\u00e4senz und Online Gro\u00dfru\u00dfbach Montag 6.30 &#8211; 7.30 Ein guter Start in die Woche! Dauer 1 h. In dieser Einheit beginnen wir mit einer kurzen Meditation, danach folgen ein paar Sonnengr\u00fc\u00dfe. Mit unterschiedlichen Steh und Sitzpositionen, strecken und dehnen wir unseren K\u00f6rper durch. Die Endentspannung bereitet uns auf einen ausgeglichenen Tag vor. <a class=\"more-link\" href=\"https:\/\/www.dasyogahaus.eu\/?page_id=1648\">Weiterlesen <i class=\"fa fa-chevron-right\"><\/i><\/a><\/p>\n","protected":false},"author":2,"featured_media":0,"parent":0,"menu_order":0,"comment_status":"closed","ping_status":"closed","template":"page-fullwidth.php","meta":{"two_page_speed":[],"footnotes":""},"class_list":["post-1648","page","type-page","status-publish","hentry"],"_links":{"self":[{"href":"https:\/\/www.dasyogahaus.eu\/index.php?rest_route=\/wp\/v2\/pages\/1648","targetHints":{"allow":["GET"]}}],"collection":[{"href":"https:\/\/www.dasyogahaus.eu\/index.php?rest_route=\/wp\/v2\/pages"}],"about":[{"href":"https:\/\/www.dasyogahaus.eu\/index.php?rest_route=\/wp\/v2\/types\/page"}],"author":[{"embeddable":true,"href":"https:\/\/www.dasyogahaus.eu\/index.php?rest_route=\/wp\/v2\/users\/2"}],"replies":[{"embeddable":true,"href":"https:\/\/www.dasyogahaus.eu\/index.php?rest_route=%2Fwp%2Fv2%2Fcomments&post=1648"}],"version-history":[{"count":53,"href":"https:\/\/www.dasyogahaus.eu\/index.php?rest_route=\/wp\/v2\/pages\/1648\/revisions"}],"predecessor-version":[{"id":2864,"href":"https:\/\/www.dasyogahaus.eu\/index.php?rest_route=\/wp\/v2\/pages\/1648\/revisions\/2864"}],"wp:attachment":[{"href":"https:\/\/www.dasyogahaus.eu\/index.php?rest_route=%2Fwp%2Fv2%2Fmedia&parent=1648"}],"curies":[{"name":"wp","href":"https:\/\/api.w.org\/{rel}","templated":true}]}}