{"id":1644,"date":"2022-08-09T15:41:27","date_gmt":"2022-08-09T13:41:27","guid":{"rendered":"http:\/\/www.dasyogahaus.eu\/?page_id=1644"},"modified":"2026-04-02T12:13:27","modified_gmt":"2026-04-02T10:13:27","slug":"yoga-flow","status":"publish","type":"page","link":"https:\/\/www.dasyogahaus.eu\/?page_id=1644","title":{"rendered":"Yoga Flow"},"content":{"rendered":"\n<figure class=\"wp-block-image size-large\"><a href=\"http:\/\/www.dasyogahaus.eu\/wp-content\/uploads\/2022\/08\/20220530_123740.jpg\"><img loading=\"lazy\" decoding=\"async\" width=\"1024\" height=\"768\" src=\"http:\/\/www.dasyogahaus.eu\/wp-content\/uploads\/2022\/08\/20220530_123740-1024x768.jpg\" alt=\"\" class=\"wp-image-1715\" srcset=\"https:\/\/www.dasyogahaus.eu\/wp-content\/uploads\/2022\/08\/20220530_123740-1024x768.jpg 1024w, https:\/\/www.dasyogahaus.eu\/wp-content\/uploads\/2022\/08\/20220530_123740-300x225.jpg 300w, https:\/\/www.dasyogahaus.eu\/wp-content\/uploads\/2022\/08\/20220530_123740-768x576.jpg 768w, https:\/\/www.dasyogahaus.eu\/wp-content\/uploads\/2022\/08\/20220530_123740-1536x1152.jpg 1536w, https:\/\/www.dasyogahaus.eu\/wp-content\/uploads\/2022\/08\/20220530_123740.jpg 2016w\" sizes=\"auto, (max-width: 1024px) 100vw, 1024px\" \/><\/a><\/figure>\n\n\n\n<p><strong>Yoga Flow: Pr\u00e4senz und Online Gro\u00dfru\u00dfbach:<\/strong><\/p>\n\n\n\n<p>ist eine dynamische Stunde, mit unterschiedlichem \u00dcbungsablauf und mit Musik begleitet. Begonnen wird auch hier mit einer kurzen Meditation, danach folgen verschiedene Sonnengr\u00fc\u00dfe. Mit dem Flow der Musik, \u00fcben wir diverse Asanas auch aus anderen Serien und Yogastilen.<\/p>\n\n\n\n<p class=\"has-text-align-center\"><strong>Gro\u00dfru\u00dfbach 19 bis 20.30<\/strong><\/p>\n\n\n\n<p><strong>Kurs:<\/strong> 14. J\u00e4n. bis 25. Februar <strong>168 \u20ac<\/strong> (7 Einheiten) *erm\u00e4\u00dfigt 158 \u20ac<\/p>\n\n\n\n<p><strong>Kurs:<\/strong> 4. M\u00e4rz bis 22. April <strong>168 \u20ac<\/strong> (7 Einheiten) *erm\u00e4\u00dfigt 158 \u20ac (15. 4. entf\u00e4llt)<\/p>\n\n\n\n<p><strong>Kurs:<\/strong> 29. April bis 17. Juni <strong>168 \u20ac<\/strong> (7 Einheiten) *erm\u00e4\u00dfigt 158 \u20ac (13. 5. entf\u00e4llt)<\/p>\n\n\n\n<p><strong>Semesterkarte:<\/strong> Zeitraum 14. J\u00e4nner bis 19. Juni <strong>800 \u20ac<\/strong> *erm\u00e4\u00dfigt 740 \u20ac, g\u00fcltig f\u00fcr alle Kurse, egal wo, ausgenommen davon sind Grundkurse, Acroyoga und Workshops. (kursfreie Tage: 6. 4.,14. 4., 15. 4., 16. 4., 1. 5., 11. 5., 12. 5., 13. 5., 14. 5., 15. 5., 25. 5., 4. 6., 5. 6.)<\/p>\n\n\n\n<p>buche&nbsp;<strong>2 Kurse<\/strong>&nbsp;erhalte&nbsp;<strong>20 \u20ac Rabatt<\/strong>, buche&nbsp;<strong>3 Kurse<\/strong>&nbsp;erhalte&nbsp;<strong>30 \u20ac Rabatt<\/strong><\/p>\n\n\n\n<p><strong>Weihnachtsaktion:<\/strong> buche und bezahle einen Kurs bis 19. Dez. und erhalte zus\u00e4tzlich <strong>10 \u20ac Rabatt<\/strong> (einmalig anwendbar)<\/p>\n\n\n\n<p><strong>Schnuppereinheit:<\/strong>&nbsp;einmalig 18 \u20ac<\/p>\n\n\n\n<p><strong>Drop In:&nbsp;<\/strong>29 \u20ac alle Einheiten au\u00dfer Grundkurs und Acroyoga (falls Platz vorhanden!)<\/p>\n\n\n\n<p><strong>Anmeldung und Bezahlung bis 2 Wochen vor Kursbeginn:<\/strong>&nbsp;info@dasyogahaus.eu<\/p>\n\n\n\n<p><strong>*Erm\u00e4\u00dfigungen&nbsp;<\/strong>gelten f\u00fcr: Sch\u00fcler*innen, Student*innen, Arbeitslose, Alleinerzieher*innen<\/p>\n\n\n\n<p class=\"has-text-align-center\"><strong>Sommeryogakurs:<\/strong><\/p>\n\n\n\n<p><strong>Gro\u00dfru\u00dfbach: Mittwoch 19 bis 20.30 Uhr<\/strong>:<\/p>\n\n\n\n<p><strong>Kurs:<\/strong> 15. Juli bis 2. September <strong>192 \u20ac  <\/strong>(8 Einheiten) *erm\u00e4\u00dfigt 182 \u20ac<\/p>\n\n\n\n<p>oder flexibel 6 Einheiten in 8 Wochen <strong>144 \u20ac<\/strong>  *erm\u00e4\u00dfigt 134 \u20ac<\/p>\n\n\n\n<p>Sommerkurse <strong>Unlimited<\/strong> <strong>332 \u20ac<\/strong> *erm\u00e4\u00dfigt 322 \u20ac besuche jede Einheit egal wo, ausgenommen Workshops und Acroyoga.<\/p>\n\n\n\n<p><strong>Schnuppereinheit:<\/strong>&nbsp;einmalig 18 \u20ac<\/p>\n\n\n\n<p><strong>Drop In:&nbsp;<\/strong>29 \u20ac alle Einheiten au\u00dfer Grundkurs und Acroyoga (falls Platz vorhanden!)<\/p>\n\n\n\n<p><strong>Anmeldung und Bezahlung bis 2 Wochen vor Kursbeginn:<\/strong>&nbsp;info@dasyogahaus.eu<\/p>\n\n\n\n<p><strong>*Erm\u00e4\u00dfigungen&nbsp;<\/strong>gelten f\u00fcr: Sch\u00fcler*innen, Student*innen, Arbeitslose, Alleinerzieher*innen<\/p>\n\n\n\n<p><strong>AGB\u00b4s:<\/strong><\/p>\n\n\n\n<p>Anmeldungen und Bezahlung bis 2 Wochen vor Kursbeginn. Bei Anmeldung bitte Bekanntgabe ob Zoom oder Pr\u00e4senz Unterricht. Bzw. sp\u00e4testens am Vorabend bis 18 Uhr des jeweiligen Kurses. Auf Anfrage kann die Onlineeinheit aufgezeichnet werden, 24 h zum Nachmachen. Vers\u00e4umte Kurseinheiten k\u00f6nnen in jedem anderen Kurs (unter Voranmeldung, falls Platz vorhanden), w\u00e4hrend des Kurszeitraums nachgeholt werden. Ausgenommen davon Acroyoga. Yoga before Office: bei Nutzung einer anderen Einheit ist ein Aufpreis von 5 \u20ac zu entrichten. Falls ein Kurs nicht zustande kommt, wird der Kursbeitrag refundiert. Kurse sind nicht \u00fcbertragbar auf andere Personen.&nbsp; Im Falle eines Lockdowns werden alle Einheiten Online weitergef\u00fchrt, und sind so zu verbrauchen. Storno: bis 1 Woche vor Kursbeginn werden 100 % erstattet, danach ist leider keine R\u00fcckerstattung mehr m\u00f6glich.<\/p>\n\n\n\n<p class=\"has-text-align-center\"><\/p>\n\n\n\n<p><\/p>\n","protected":false},"excerpt":{"rendered":"<p>Yoga Flow: Pr\u00e4senz und Online Gro\u00dfru\u00dfbach: ist eine dynamische Stunde, mit unterschiedlichem \u00dcbungsablauf und mit Musik begleitet. Begonnen wird auch hier mit einer kurzen Meditation, danach folgen verschiedene Sonnengr\u00fc\u00dfe. Mit dem Flow der Musik, \u00fcben wir diverse Asanas auch aus anderen Serien und Yogastilen. Gro\u00dfru\u00dfbach 19 bis 20.30 Kurs: 14. J\u00e4n. bis 25. Februar 168 <a class=\"more-link\" href=\"https:\/\/www.dasyogahaus.eu\/?page_id=1644\">Weiterlesen <i class=\"fa fa-chevron-right\"><\/i><\/a><\/p>\n","protected":false},"author":2,"featured_media":0,"parent":0,"menu_order":0,"comment_status":"closed","ping_status":"closed","template":"page-fullwidth.php","meta":{"two_page_speed":[],"footnotes":""},"class_list":["post-1644","page","type-page","status-publish","hentry"],"_links":{"self":[{"href":"https:\/\/www.dasyogahaus.eu\/index.php?rest_route=\/wp\/v2\/pages\/1644","targetHints":{"allow":["GET"]}}],"collection":[{"href":"https:\/\/www.dasyogahaus.eu\/index.php?rest_route=\/wp\/v2\/pages"}],"about":[{"href":"https:\/\/www.dasyogahaus.eu\/index.php?rest_route=\/wp\/v2\/types\/page"}],"author":[{"embeddable":true,"href":"https:\/\/www.dasyogahaus.eu\/index.php?rest_route=\/wp\/v2\/users\/2"}],"replies":[{"embeddable":true,"href":"https:\/\/www.dasyogahaus.eu\/index.php?rest_route=%2Fwp%2Fv2%2Fcomments&post=1644"}],"version-history":[{"count":44,"href":"https:\/\/www.dasyogahaus.eu\/index.php?rest_route=\/wp\/v2\/pages\/1644\/revisions"}],"predecessor-version":[{"id":2868,"href":"https:\/\/www.dasyogahaus.eu\/index.php?rest_route=\/wp\/v2\/pages\/1644\/revisions\/2868"}],"wp:attachment":[{"href":"https:\/\/www.dasyogahaus.eu\/index.php?rest_route=%2Fwp%2Fv2%2Fmedia&parent=1644"}],"curies":[{"name":"wp","href":"https:\/\/api.w.org\/{rel}","templated":true}]}}