{"id":1635,"date":"2022-08-09T15:35:15","date_gmt":"2022-08-09T13:35:15","guid":{"rendered":"http:\/\/www.dasyogahaus.eu\/?page_id=1635"},"modified":"2026-04-02T11:57:04","modified_gmt":"2026-04-02T09:57:04","slug":"ashtanga-basis-yoga","status":"publish","type":"page","link":"https:\/\/www.dasyogahaus.eu\/?page_id=1635","title":{"rendered":"Ashtanga Basis Yoga"},"content":{"rendered":"\n<figure class=\"wp-block-image size-full\"><a href=\"http:\/\/www.dasyogahaus.eu\/wp-content\/uploads\/2022\/08\/20191214_164332-COLLAGE.jpg\"><img loading=\"lazy\" decoding=\"async\" width=\"958\" height=\"460\" src=\"http:\/\/www.dasyogahaus.eu\/wp-content\/uploads\/2022\/08\/20191214_164332-COLLAGE.jpg\" alt=\"\" class=\"wp-image-1717\" srcset=\"https:\/\/www.dasyogahaus.eu\/wp-content\/uploads\/2022\/08\/20191214_164332-COLLAGE.jpg 958w, https:\/\/www.dasyogahaus.eu\/wp-content\/uploads\/2022\/08\/20191214_164332-COLLAGE-300x144.jpg 300w, https:\/\/www.dasyogahaus.eu\/wp-content\/uploads\/2022\/08\/20191214_164332-COLLAGE-768x369.jpg 768w\" sizes=\"auto, (max-width: 958px) 100vw, 958px\" \/><\/a><\/figure>\n\n\n\n<p><strong>Ashtanga Basis Yoga: Pr\u00e4senz und online Gro\u00dfru\u00dfbach und Stockerau:<br><\/strong>Ist eine verk\u00fcrzte Variante der 1. Serie , wo die schwierigeren Asanas nach Navasana\/Boot weggelassen werden, und der Unterricht an das Gruppenniveau angepasst wird. Dieser traditionelle kraftvolle Yoga Stil, verhilft zu mehr Beweglichkeit und Kondition. Mit der speziellen Atemtechnik und dynamischen Verbindung der \u00dcbungen, findet man zu innerer Ruhe und Ausgeglichenheit.<br>Wir beginnen mit einer kurzen Sitzmeditation, danach folgen Sonnengr\u00fc\u00dfe A und B, nach Steh und Sitzpositionen folgen R\u00fcckbeugen und Umkehrhaltungen. Durch die Endentspannung wirken die \u00dcbungen noch besser nach.<\/p>\n\n\n\n<p class=\"has-text-align-center\"><strong>Kurse ab J\u00e4nner 2026: <\/strong><\/p>\n\n\n\n<p class=\"has-text-align-center\"><strong>Gro\u00dfru\u00dfbach: Montag 8.30 bis 10 Uhr<\/strong>:<\/p>\n\n\n\n<p><strong>Kurs:<\/strong> 19. J\u00e4n. bis 2. M\u00e4rz <strong>168 \u20ac<\/strong> (7 Einheiten) *erm\u00e4\u00dfigt 158 \u20ac<\/p>\n\n\n\n<p><strong>Kurs:<\/strong> 9. M\u00e4rz bis 20. April <strong>144 \u20ac<\/strong> (6 Einheiten) *erm\u00e4\u00dfigt 134 \u20ac (6. 4. entf\u00e4llt)<\/p>\n\n\n\n<p><strong>Kurs:<\/strong> 27. April bis 15. Juni <strong>144 \u20ac<\/strong> (6 Einheiten) *erm\u00e4\u00dfigt 134 \u20ac (11. 5., 25. 5., entfallen)<\/p>\n\n\n\n<p><strong>Semesterkarte:<\/strong> Zeitraum 14. J\u00e4nner bis 19. Juni <strong>800 \u20ac<\/strong> *erm\u00e4\u00dfigt 740 \u20ac, g\u00fcltig f\u00fcr alle Kurse, egal wo, ausgenommen davon sind Grundkurse, Acroyoga und Workshops. (kursfreie Tage: 6. 4.,14. 4., 15. 4., 16. 4., 1. 5., 11. 5., 12. 5., 13. 5., 14. 5., 15. 5., 25. 5., 4. 6., 5. 6.)<\/p>\n\n\n\n<p>buche&nbsp;<strong>2 Kurse<\/strong>&nbsp;erhalte&nbsp;<strong>20 \u20ac Rabatt<\/strong>, buche&nbsp;<strong>3 Kurse<\/strong>&nbsp;erhalte&nbsp;<strong>30 \u20ac Rabatt<\/strong><\/p>\n\n\n\n<p><strong>Weihnachtsaktion:<\/strong> buche und bezahle einen Kurs bis 19. Dez. und erhalte zus\u00e4tzlich <strong>10 \u20ac Rabatt<\/strong> (einmalig anwendbar)<\/p>\n\n\n\n<p><strong>Schnuppereinheit:<\/strong>&nbsp;einmalig 18 \u20ac<\/p>\n\n\n\n<p><strong>Drop In:&nbsp;<\/strong>29 \u20ac alle Einheiten au\u00dfer Grundkurs und Acroyoga (falls Platz vorhanden!)<\/p>\n\n\n\n<p><strong>Anmeldung und Bezahlung bis 2 Wochen vor Kursbeginn:<\/strong>&nbsp;info@dasyogahaus.eu<\/p>\n\n\n\n<p class=\"has-text-align-left\"><strong>*Erm\u00e4\u00dfigungen&nbsp;<\/strong>gelten f\u00fcr: Sch\u00fcler*innen, Student*innen, Arbeitslose, Alleinerzieher*innen<\/p>\n\n\n\n<p class=\"has-text-align-center\"><strong>Stockerau:<\/strong> <strong>Dienstag 17.30 bis 19 Uhr:<\/strong><\/p>\n\n\n\n<p><strong>Kurs:<\/strong> 20. J\u00e4n. bis 3. M\u00e4rz <strong>168 \u20ac<\/strong> (7 Einheiten) *erm\u00e4\u00dfigt 158 \u20ac<\/p>\n\n\n\n<p><strong>Kurs:<\/strong> 10. M\u00e4rz bis 28. April <strong>168 \u20ac<\/strong> (7 Einheiten) *erm\u00e4\u00dfigt 158 \u20ac (14. 4. entf\u00e4llt)<\/p>\n\n\n\n<p><strong>Kurs:<\/strong> 6. Mai bis 16. Juni <strong>144 \u20ac<\/strong> (6 Einheiten) *erm\u00e4\u00dfigt 134 \u20ac (12. 5. entf\u00e4llt)<\/p>\n\n\n\n<p><strong>Semesterkarte:<\/strong> Zeitraum 14. J\u00e4nner bis 19. Juni <strong>800 \u20ac<\/strong> *erm\u00e4\u00dfigt 740 \u20ac, g\u00fcltig f\u00fcr alle Kurse, egal wo, ausgenommen davon sind Grundkurse, Acroyoga und Workshops. (kursfreie Tage: 6. 4.,14. 4., 15. 4., 16. 4., 1. 5., 11. 5., 12. 5., 13. 5., 14. 5., 15. 5., 25. 5., 4. 6., 5. 6.)<\/p>\n\n\n\n<p>buche&nbsp;<strong>2 Kurse<\/strong>&nbsp;erhalte&nbsp;<strong>20 \u20ac Rabatt<\/strong>, buche&nbsp;<strong>3 Kurse<\/strong>&nbsp;erhalte&nbsp;<strong>30 \u20ac Rabatt<\/strong><\/p>\n\n\n\n<p><strong>Weihnachtsaktion:<\/strong> buche und bezahle einen Kurs bis 19. Dez. und erhalte zus\u00e4tzlich <strong>10 \u20ac Rabatt<\/strong> (einmalig anwendbar)<\/p>\n\n\n\n<p><strong>Schnuppereinheit:<\/strong>&nbsp;einmalig 18 \u20ac<\/p>\n\n\n\n<p><strong>Drop In:&nbsp;<\/strong>29 \u20ac alle Einheiten au\u00dfer Grundkurs und Acroyoga (falls Platz vorhanden!)<\/p>\n\n\n\n<p><strong>Anmeldung und Bezahlung bis 2 Wochen vor Kursbeginn:<\/strong>&nbsp;info@dasyogahaus.eu<\/p>\n\n\n\n<p><strong>*Erm\u00e4\u00dfigungen&nbsp;<\/strong>gelten f\u00fcr: Sch\u00fcler*innen, Student*innen, Arbeitslose, Alleinerzieher*innen<\/p>\n\n\n\n<p class=\"has-text-align-center\"><strong>Stockerau: Donnerstag 19 bis 20.30 :<\/strong><\/p>\n\n\n\n<p><strong>Kurs:<\/strong> 15. J\u00e4n. bis 26. Feb. <strong>168 \u20ac<\/strong> (7 Einheiten) *erm\u00e4\u00dfigt 158 \u20ac<\/p>\n\n\n\n<p><strong>Kurs:<\/strong> 5. M\u00e4rz bis 23. April <strong>168 \u20ac<\/strong> (7 Einheiten) *erm\u00e4\u00dfigt 158 \u20ac (15. 4. entf\u00e4llt)<\/p>\n\n\n\n<p><strong>Kurs:<\/strong> 30. April bis 18. Juni <strong>144 \u20ac<\/strong> (6 Einheiten) *erm\u00e4\u00dfigt 134 \u20ac (14. 5., 5. 6. entfallen)<\/p>\n\n\n\n<p><strong>Semesterkarte:<\/strong> Zeitraum 14. J\u00e4nner bis 19. Juni <strong>800 \u20ac<\/strong> *erm\u00e4\u00dfigt 740 \u20ac, g\u00fcltig f\u00fcr alle Kurse, egal wo, ausgenommen davon sind Grundkurse, Acroyoga und Workshops. (kursfreie Tage: 6. 4.,14. 4., 15. 4., 16. 4., 1. 5., 11. 5., 12. 5., 13. 5., 14. 5., 15. 5., 25. 5., 4. 6., 5. 6.)<\/p>\n\n\n\n<p>buche&nbsp;<strong>2 Kurse<\/strong>&nbsp;erhalte&nbsp;<strong>20 \u20ac Rabatt<\/strong>, buche&nbsp;<strong>3 Kurse<\/strong>&nbsp;erhalte&nbsp;<strong>30 \u20ac Rabatt<\/strong><\/p>\n\n\n\n<p><strong>Weihnachtsaktion:<\/strong> buche und bezahle einen Kurs bis 19. Dez. und erhalte zus\u00e4tzlich <strong>10 \u20ac Rabatt<\/strong> (einmalig anwendbar)<\/p>\n\n\n\n<p class=\"has-text-align-center\"><strong>Sommeryogakurse:<\/strong><\/p>\n\n\n\n<p><strong>Gro\u00dfru\u00dfbach: Montag 8.30 bis 10 Uhr<\/strong>:<\/p>\n\n\n\n<p><strong>Kurs:<\/strong> 13. Juli bis 31. August <strong>192 \u20ac  <\/strong>(8 Einheiten) *erm\u00e4\u00dfigt 182 \u20ac<\/p>\n\n\n\n<p>oder flexibel 6 Einheiten in 8 Wochen <strong>144 \u20ac<\/strong>  *erm\u00e4\u00dfigt 134 \u20ac<\/p>\n\n\n\n<p>Sommerkurse <strong>Unlimited<\/strong> <strong>332 \u20ac<\/strong> *erm\u00e4\u00dfigt 322 \u20ac besuche jede Einheit egal wo, ausgenommen Workshops und Acroyoga.<\/p>\n\n\n\n<p>buche&nbsp;<strong>2 Kurse<\/strong>&nbsp;erhalte&nbsp;<strong>20 \u20ac Rabatt<\/strong>, buche&nbsp;<strong>3 Kurse<\/strong>&nbsp;erhalte&nbsp;<strong>30 \u20ac Rabatt<\/strong><\/p>\n\n\n\n<p><strong>Schnuppereinheit:<\/strong>&nbsp;einmalig 18 \u20ac<\/p>\n\n\n\n<p><strong>Drop In:&nbsp;<\/strong>29 \u20ac alle Einheiten au\u00dfer Grundkurs und Acroyoga (falls Platz vorhanden!)<\/p>\n\n\n\n<p><strong>Anmeldung und Bezahlung bis 2 Wochen vor Kursbeginn:<\/strong>&nbsp;info@dasyogahaus.eu<\/p>\n\n\n\n<p><strong>*Erm\u00e4\u00dfigungen&nbsp;<\/strong>gelten f\u00fcr: Sch\u00fcler*innen, Student*innen, Arbeitslose, Alleinerzieher*innen<\/p>\n\n\n\n<p class=\"has-text-align-center\"><strong>Sommeryogakurs: <\/strong><\/p>\n\n\n\n<p class=\"has-text-align-left\"><strong>Stockerau Dienstag 19 bis 20.30:<\/strong><\/p>\n\n\n\n<p class=\"has-text-align-left\"><strong>Kurs:<\/strong> 14. Juli bis 1. September <strong>192 \u20ac  <\/strong>(8 Einheiten) *erm\u00e4\u00dfigt 182 \u20ac<\/p>\n\n\n\n<p>oder flexibel 6 Einheiten in 8 Wochen <strong>144 \u20ac<\/strong>  *erm\u00e4\u00dfigt 134 \u20ac<\/p>\n\n\n\n<p>Sommerkurse <strong>Unlimited<\/strong> <strong>332 \u20ac<\/strong> *erm\u00e4\u00dfigt 322 \u20ac besuche jede Einheit egal wo, ausgenommen Workshops und Acroyoga.<\/p>\n\n\n\n<p>buche&nbsp;<strong>2 Kurse<\/strong>&nbsp;erhalte&nbsp;<strong>20 \u20ac Rabatt<\/strong>, buche&nbsp;<strong>3 Kurse<\/strong>&nbsp;erhalte&nbsp;<strong>30 \u20ac Rabatt<\/strong><\/p>\n\n\n\n<p><strong>Schnuppereinheit:<\/strong>&nbsp;einmalig 18 \u20ac<\/p>\n\n\n\n<p><strong>Drop In:&nbsp;<\/strong>29 \u20ac alle Einheiten au\u00dfer Grundkurs und Acroyoga (falls Platz vorhanden!)<\/p>\n\n\n\n<p><strong>Anmeldung und Bezahlung bis 2 Wochen vor Kursbeginn:<\/strong>&nbsp;info@dasyogahaus.eu<\/p>\n\n\n\n<p class=\"has-text-align-left\"><strong>*Erm\u00e4\u00dfigungen&nbsp;<\/strong>gelten f\u00fcr: Sch\u00fcler*innen, Student*innen, Arbeitslose, Alleinerzieher*innen<\/p>\n\n\n\n<p class=\"has-text-align-left\"><\/p>\n\n\n\n<p class=\"has-text-align-left\"><\/p>\n\n\n\n<p><strong>AGB\u00b4s:<\/strong><\/p>\n\n\n\n<p>Anmeldungen und Bezahlung bis 2 Wochen vor Kursbeginn. Bei Anmeldung bitte Bekanntgabe ob Zoom oder Pr\u00e4senz Unterricht. Bzw. sp\u00e4testens am Vorabend bis 18 Uhr des jeweiligen Kurses. Auf Anfrage kann die Onlineeinheit aufgezeichnet werden, 24 h zum Nachmachen. Vers\u00e4umte Kurseinheiten k\u00f6nnen in jedem anderen Kurs (unter Voranmeldung, falls Platz vorhanden), w\u00e4hrend des Kurszeitraums nachgeholt werden. Ausgenommen davon Acroyoga. Yoga before Office: bei Nutzung einer anderen Einheit ist ein Aufpreis von 5 \u20ac zu entrichten. Falls ein Kurs nicht zustande kommt, wird der Kursbeitrag refundiert. Kurse sind nicht \u00fcbertragbar auf andere Personen.&nbsp; Im Falle eines Lockdowns werden alle Einheiten Online weitergef\u00fchrt, und sind so zu verbrauchen. Storno: bis 1 Woche vor Kursbeginn werden 100 % erstattet, danach ist leider keine R\u00fcckerstattung mehr m\u00f6glich.<\/p>\n\n\n\n<p class=\"has-text-align-center\"><\/p>\n\n\n\n<p><\/p>\n","protected":false},"excerpt":{"rendered":"<p>Ashtanga Basis Yoga: Pr\u00e4senz und online Gro\u00dfru\u00dfbach und Stockerau:Ist eine verk\u00fcrzte Variante der 1. Serie , wo die schwierigeren Asanas nach Navasana\/Boot weggelassen werden, und der Unterricht an das Gruppenniveau angepasst wird. Dieser traditionelle kraftvolle Yoga Stil, verhilft zu mehr Beweglichkeit und Kondition. Mit der speziellen Atemtechnik und dynamischen Verbindung der \u00dcbungen, findet man zu <a class=\"more-link\" href=\"https:\/\/www.dasyogahaus.eu\/?page_id=1635\">Weiterlesen <i class=\"fa fa-chevron-right\"><\/i><\/a><\/p>\n","protected":false},"author":2,"featured_media":0,"parent":0,"menu_order":0,"comment_status":"closed","ping_status":"closed","template":"page-fullwidth.php","meta":{"two_page_speed":[],"footnotes":""},"class_list":["post-1635","page","type-page","status-publish","hentry"],"_links":{"self":[{"href":"https:\/\/www.dasyogahaus.eu\/index.php?rest_route=\/wp\/v2\/pages\/1635","targetHints":{"allow":["GET"]}}],"collection":[{"href":"https:\/\/www.dasyogahaus.eu\/index.php?rest_route=\/wp\/v2\/pages"}],"about":[{"href":"https:\/\/www.dasyogahaus.eu\/index.php?rest_route=\/wp\/v2\/types\/page"}],"author":[{"embeddable":true,"href":"https:\/\/www.dasyogahaus.eu\/index.php?rest_route=\/wp\/v2\/users\/2"}],"replies":[{"embeddable":true,"href":"https:\/\/www.dasyogahaus.eu\/index.php?rest_route=%2Fwp%2Fv2%2Fcomments&post=1635"}],"version-history":[{"count":114,"href":"https:\/\/www.dasyogahaus.eu\/index.php?rest_route=\/wp\/v2\/pages\/1635\/revisions"}],"predecessor-version":[{"id":2859,"href":"https:\/\/www.dasyogahaus.eu\/index.php?rest_route=\/wp\/v2\/pages\/1635\/revisions\/2859"}],"wp:attachment":[{"href":"https:\/\/www.dasyogahaus.eu\/index.php?rest_route=%2Fwp%2Fv2%2Fmedia&parent=1635"}],"curies":[{"name":"wp","href":"https:\/\/api.w.org\/{rel}","templated":true}]}}